{"id":302,"date":"2026-03-18T17:30:30","date_gmt":"2026-03-18T16:30:30","guid":{"rendered":"https:\/\/lex4ai.com\/?page_id=302"},"modified":"2026-03-18T17:37:41","modified_gmt":"2026-03-18T16:37:41","slug":"accessibility","status":"publish","type":"page","link":"https:\/\/www.lex4ai.com\/en\/accessibility\/","title":{"rendered":"Accessibility"},"content":{"rendered":"<p>Marcel Mir i Teijeiro is committed to making its website accessible, in accordance with Royal Decree 1112\/2018 of September 7, on the accessibility of websites and mobile applications, which transposes Directive (EU) 2016\/2102 of the European Parliament and of the Council into Spanish law.<\/p>\n<p>This accessibility statement applies to the website www.lex4ai.com<\/p>\n<h4>Compliance Status<\/h4>\n<p>This website is partially compliant with Royal Decree 1112\/2018 due to the exceptions and non-compliance of the aspects indicated below.<\/p>\n<h4>Inaccessible Content<\/h4>\n<p>The content listed below is inaccessible for the following reasons:<\/p>\n<ul>\n<li>Non-compliance with Royal Decree 1112\/2018<\/li>\n<li>Due to the automation of some publications, there may be pages with incorrect HTML tag nesting.<\/li>\n<li>There are PDF documents that do not comply with the regulations, although some of them have a compliant HTML alternative.<\/li>\n<li>There may be occasional editing errors on some web pages.<\/li>\n<li>Disproportionate load.<\/li>\n<li>Not applicable.<\/li>\n<li>Content that does not fall within the scope of the applicable legislation.<\/li>\n<li>Office files in PDF or other formats, as well as applications published before September 20, 2018, that do not fully comply with all accessibility requirements.<\/li>\n<li>Live multimedia content.<\/li>\n<li>Pre-recorded multimedia content of plenary sessions and press conferences, or content published before the entry into force of the Royal Decree.<\/li>\n<li>Online map and cartography services.<\/li>\n<li>Preparation of this accessibility statement<\/li>\n<\/ul>\n<p>This statement was prepared on April 11, 2023, and is based on the web accessibility reports of the Accessibility Observatory.<\/p>\n<p><strong>Observations and Contact Information<\/strong><\/p>\n<p>You can submit communications regarding accessibility requirements (Article 10.2 of Royal Decree 1112\/2018) such as:<\/p>\n<ul>\n<li>reporting any possible non-compliance by this website<\/li>\n<li>reporting other difficulties accessing the content<\/li>\n<li>submitting any other query or suggestion for improvement related to the website&#8217;s accessibility through the contact form on this website.<\/li>\n<\/ul>\n<p>Communications will be received and processed by Marcel Mir i Teijeiro.<\/p>\n<h4>Implementation Procedure<\/h4>\n<p>An appropriate and effective implementation procedure will be put in place, which should be used if the response to the communication or request is unsatisfactory.<\/p>\n<h4>Optional Content<\/h4>\n<p>This website:<\/p>\n<p>Has been designed to comply with current accessibility standards and regulations, meeting the Priority 2 (AA) checkpoints defined in the Web Content Accessibility Guidelines (WCAG 2.1) specification.<\/p>\n<p>It complies with the requirements of Standard UNE-EN 301549 v1.1.2:2015, taking into account the exceptions of Royal Decree 1112\/2018.<\/p>\n<p>It is designed for proper display on desktop, tablet, and mobile devices with a minimum resolution of 1280\u00d71024.<\/p>\n<p>It was created using HTML5 as the markup language and CSS3 stylesheets for styling.<\/p>\n<p>It is designed to be used with non-intrusive JavaScript.<\/p>\n","protected":false},"excerpt":{"rendered":"<p>Marcel Mir i Teijeiro is committed to making its website accessible, in accordance with Royal Decree 1112\/2018 of September 7, on the accessibility of websites and mobile applications, which transposes Directive (EU) 2016\/2102 of the European Parliament and of the Council into Spanish law. This accessibility statement applies to the website www.lex4ai.com Compliance Status This [&hellip;]<\/p>\n","protected":false},"author":1,"featured_media":0,"parent":0,"menu_order":0,"comment_status":"closed","ping_status":"closed","template":"","meta":{"_acf_changed":false,"footnotes":""},"class_list":["post-302","page","type-page","status-publish","hentry"],"acf":[],"yoast_head":"<!-- This site is optimized with the Yoast SEO plugin v27.0 - https:\/\/yoast.com\/product\/yoast-seo-wordpress\/ -->\n<title>Accessibility | Lex4AI<\/title>\n<meta name=\"robots\" content=\"index, follow, max-snippet:-1, max-image-preview:large, max-video-preview:-1\" \/>\n<link rel=\"canonical\" href=\"https:\/\/www.lex4ai.com\/en\/accessibility\/\" \/>\n<meta property=\"og:locale\" content=\"en_US\" \/>\n<meta property=\"og:type\" content=\"article\" \/>\n<meta property=\"og:title\" content=\"Accessibility | Lex4AI\" \/>\n<meta property=\"og:description\" content=\"Marcel Mir i Teijeiro is committed to making its website accessible, in accordance with Royal Decree 1112\/2018 of September 7, on the accessibility of websites and mobile applications, which transposes Directive (EU) 2016\/2102 of the European Parliament and of the Council into Spanish law. This accessibility statement applies to the website www.lex4ai.com Compliance Status This [&hellip;]\" \/>\n<meta property=\"og:url\" content=\"https:\/\/www.lex4ai.com\/en\/accessibility\/\" \/>\n<meta property=\"og:site_name\" content=\"Lex4AI\" \/>\n<meta property=\"article:modified_time\" content=\"2026-03-18T16:37:41+00:00\" \/>\n<meta property=\"og:image\" content=\"https:\/\/hundreds-wordpress-uploads.s3.amazonaws.com\/lex4ai\/uploads\/2026\/02\/Lex4AI_AI_Act_Compliance-1.jpg\" \/>\n\t<meta property=\"og:image:width\" content=\"2160\" \/>\n\t<meta property=\"og:image:height\" content=\"1350\" \/>\n\t<meta property=\"og:image:type\" content=\"image\/jpeg\" \/>\n<meta name=\"twitter:card\" content=\"summary_large_image\" \/>\n<meta name=\"twitter:label1\" content=\"Est. reading time\" \/>\n\t<meta name=\"twitter:data1\" content=\"2 minutes\" \/>\n<script type=\"application\/ld+json\" class=\"yoast-schema-graph\">{\"@context\":\"https:\/\/schema.org\",\"@graph\":[{\"@type\":\"WebPage\",\"@id\":\"https:\/\/www.lex4ai.com\/en\/accessibility\/\",\"url\":\"https:\/\/www.lex4ai.com\/en\/accessibility\/\",\"name\":\"Accessibility | Lex4AI\",\"isPartOf\":{\"@id\":\"https:\/\/www.lex4ai.com\/en\/#website\"},\"datePublished\":\"2026-03-18T16:30:30+00:00\",\"dateModified\":\"2026-03-18T16:37:41+00:00\",\"breadcrumb\":{\"@id\":\"https:\/\/www.lex4ai.com\/en\/accessibility\/#breadcrumb\"},\"inLanguage\":\"en-US\",\"potentialAction\":[{\"@type\":\"ReadAction\",\"target\":[\"https:\/\/www.lex4ai.com\/en\/accessibility\/\"]}]},{\"@type\":\"BreadcrumbList\",\"@id\":\"https:\/\/www.lex4ai.com\/en\/accessibility\/#breadcrumb\",\"itemListElement\":[{\"@type\":\"ListItem\",\"position\":1,\"name\":\"Portada\",\"item\":\"https:\/\/lex4ai.com\/en\/\"},{\"@type\":\"ListItem\",\"position\":2,\"name\":\"Accessibility\"}]},{\"@type\":\"WebSite\",\"@id\":\"https:\/\/www.lex4ai.com\/en\/#website\",\"url\":\"https:\/\/www.lex4ai.com\/en\/\",\"name\":\"Lex4AI\",\"description\":\"Expertos en cumplimiento del Reglamento de IA e ISO 42001. Consultor\u00eda t\u00e9cnica liderada por miembros de comit\u00e9s de estandarizaci\u00f3n\",\"publisher\":{\"@id\":\"https:\/\/www.lex4ai.com\/en\/#organization\"},\"potentialAction\":[{\"@type\":\"SearchAction\",\"target\":{\"@type\":\"EntryPoint\",\"urlTemplate\":\"https:\/\/www.lex4ai.com\/en\/?s={search_term_string}\"},\"query-input\":{\"@type\":\"PropertyValueSpecification\",\"valueRequired\":true,\"valueName\":\"search_term_string\"}}],\"inLanguage\":\"en-US\"},{\"@type\":\"Organization\",\"@id\":\"https:\/\/www.lex4ai.com\/en\/#organization\",\"name\":\"Lex4AI\",\"url\":\"https:\/\/www.lex4ai.com\/en\/\",\"logo\":{\"@type\":\"ImageObject\",\"inLanguage\":\"en-US\",\"@id\":\"https:\/\/www.lex4ai.com\/en\/#\/schema\/logo\/image\/\",\"url\":\"https:\/\/hundreds-wordpress-uploads.s3.amazonaws.com\/lex4ai\/uploads\/2026\/02\/logo-Lex4AI.jpg\",\"contentUrl\":\"https:\/\/hundreds-wordpress-uploads.s3.amazonaws.com\/lex4ai\/uploads\/2026\/02\/logo-Lex4AI.jpg\",\"width\":1280,\"height\":269,\"caption\":\"Lex4AI\"},\"image\":{\"@id\":\"https:\/\/www.lex4ai.com\/en\/#\/schema\/logo\/image\/\"}}]}<\/script>\n<!-- \/ Yoast SEO plugin. -->","yoast_head_json":{"title":"Accessibility | Lex4AI","robots":{"index":"index","follow":"follow","max-snippet":"max-snippet:-1","max-image-preview":"max-image-preview:large","max-video-preview":"max-video-preview:-1"},"canonical":"https:\/\/www.lex4ai.com\/en\/accessibility\/","og_locale":"en_US","og_type":"article","og_title":"Accessibility | Lex4AI","og_description":"Marcel Mir i Teijeiro is committed to making its website accessible, in accordance with Royal Decree 1112\/2018 of September 7, on the accessibility of websites and mobile applications, which transposes Directive (EU) 2016\/2102 of the European Parliament and of the Council into Spanish law. This accessibility statement applies to the website www.lex4ai.com Compliance Status This [&hellip;]","og_url":"https:\/\/www.lex4ai.com\/en\/accessibility\/","og_site_name":"Lex4AI","article_modified_time":"2026-03-18T16:37:41+00:00","og_image":[{"width":2160,"height":1350,"url":"https:\/\/hundreds-wordpress-uploads.s3.amazonaws.com\/lex4ai\/uploads\/2026\/02\/Lex4AI_AI_Act_Compliance-1.jpg","type":"image\/jpeg"}],"twitter_card":"summary_large_image","twitter_misc":{"Est. reading time":"2 minutes"},"schema":{"@context":"https:\/\/schema.org","@graph":[{"@type":"WebPage","@id":"https:\/\/www.lex4ai.com\/en\/accessibility\/","url":"https:\/\/www.lex4ai.com\/en\/accessibility\/","name":"Accessibility | Lex4AI","isPartOf":{"@id":"https:\/\/www.lex4ai.com\/en\/#website"},"datePublished":"2026-03-18T16:30:30+00:00","dateModified":"2026-03-18T16:37:41+00:00","breadcrumb":{"@id":"https:\/\/www.lex4ai.com\/en\/accessibility\/#breadcrumb"},"inLanguage":"en-US","potentialAction":[{"@type":"ReadAction","target":["https:\/\/www.lex4ai.com\/en\/accessibility\/"]}]},{"@type":"BreadcrumbList","@id":"https:\/\/www.lex4ai.com\/en\/accessibility\/#breadcrumb","itemListElement":[{"@type":"ListItem","position":1,"name":"Portada","item":"https:\/\/lex4ai.com\/en\/"},{"@type":"ListItem","position":2,"name":"Accessibility"}]},{"@type":"WebSite","@id":"https:\/\/www.lex4ai.com\/en\/#website","url":"https:\/\/www.lex4ai.com\/en\/","name":"Lex4AI","description":"Expertos en cumplimiento del Reglamento de IA e ISO 42001. Consultor\u00eda t\u00e9cnica liderada por miembros de comit\u00e9s de estandarizaci\u00f3n","publisher":{"@id":"https:\/\/www.lex4ai.com\/en\/#organization"},"potentialAction":[{"@type":"SearchAction","target":{"@type":"EntryPoint","urlTemplate":"https:\/\/www.lex4ai.com\/en\/?s={search_term_string}"},"query-input":{"@type":"PropertyValueSpecification","valueRequired":true,"valueName":"search_term_string"}}],"inLanguage":"en-US"},{"@type":"Organization","@id":"https:\/\/www.lex4ai.com\/en\/#organization","name":"Lex4AI","url":"https:\/\/www.lex4ai.com\/en\/","logo":{"@type":"ImageObject","inLanguage":"en-US","@id":"https:\/\/www.lex4ai.com\/en\/#\/schema\/logo\/image\/","url":"https:\/\/hundreds-wordpress-uploads.s3.amazonaws.com\/lex4ai\/uploads\/2026\/02\/logo-Lex4AI.jpg","contentUrl":"https:\/\/hundreds-wordpress-uploads.s3.amazonaws.com\/lex4ai\/uploads\/2026\/02\/logo-Lex4AI.jpg","width":1280,"height":269,"caption":"Lex4AI"},"image":{"@id":"https:\/\/www.lex4ai.com\/en\/#\/schema\/logo\/image\/"}}]}},"_links":{"self":[{"href":"https:\/\/www.lex4ai.com\/en\/wp-json\/wp\/v2\/pages\/302","targetHints":{"allow":["GET"]}}],"collection":[{"href":"https:\/\/www.lex4ai.com\/en\/wp-json\/wp\/v2\/pages"}],"about":[{"href":"https:\/\/www.lex4ai.com\/en\/wp-json\/wp\/v2\/types\/page"}],"author":[{"embeddable":true,"href":"https:\/\/www.lex4ai.com\/en\/wp-json\/wp\/v2\/users\/1"}],"replies":[{"embeddable":true,"href":"https:\/\/www.lex4ai.com\/en\/wp-json\/wp\/v2\/comments?post=302"}],"version-history":[{"count":3,"href":"https:\/\/www.lex4ai.com\/en\/wp-json\/wp\/v2\/pages\/302\/revisions"}],"predecessor-version":[{"id":305,"href":"https:\/\/www.lex4ai.com\/en\/wp-json\/wp\/v2\/pages\/302\/revisions\/305"}],"wp:attachment":[{"href":"https:\/\/www.lex4ai.com\/en\/wp-json\/wp\/v2\/media?parent=302"}],"curies":[{"name":"wp","href":"https:\/\/api.w.org\/{rel}","templated":true}]}}