{"id":112,"date":"2026-01-15T11:26:03","date_gmt":"2026-01-15T10:26:03","guid":{"rendered":"https:\/\/labs.100x100.net\/projects\/lex4ai\/?page_id=112"},"modified":"2026-02-25T10:22:00","modified_gmt":"2026-02-25T09:22:00","slug":"legal-note","status":"publish","type":"page","link":"https:\/\/www.lex4ai.com\/en\/legal-note\/","title":{"rendered":"Legal note"},"content":{"rendered":"<p>Marcel Mir i Teijeiro, NIF: 23817158-Z, complies with the requirements established in current legislation on Personal Data Protection and Electronic Commerce. To this end, it has created the following Legal Notice:<\/p>\n<p>Address: Carrenca 11-17, 3\u00ba 2\u00aa 08017 Barcelona<\/p>\n<h3>General Terms of Use<\/h3>\n<p>Any person accessing this website assumes the role of User, committing to the strict observance and compliance with the provisions set forth herein, as well as any other applicable legal provisions.<\/p>\n<p>Marcel Mir i Teijeiro reserves the right to modify any information that may appear on the website, without any obligation to provide prior notice or inform Users of such modifications, it being understood that publication on its website is sufficient.<\/p>\n<p>The user fully and unreservedly accepts the provisions included in this Legal Notice, in the version published by Marcel Mir i Teijeiro at the time the User accesses the website.<\/p>\n<p>The website may be visited freely, and the User agrees to use its content and services in accordance with the law, morality, generally accepted good practices, and this Legal Notice. To this end, the User shall refrain from using the website for any unlawful, prohibited, or harmful purposes or effects that infringe upon the rights and interests of third parties.<\/p>\n<p>Marcel Mir i Teijeiro is not responsible for errors or omissions in the website&#8217;s content or in any other content accessible through it, nor for damages arising from the use of the website, nor for any actions taken based on the information provided therein.<\/p>\n<p>Marcel Mir i Teijeiro does not guarantee the absence of viruses or other harmful elements that could cause damage or alterations to the user&#8217;s computer system, electronic documents, or files; nor is it liable for any damages that such elements may cause to the User or third parties.<\/p>\n<p>This website is for informational purposes only, and its content may be modified, expanded, or deleted at any time without prior notice.<\/p>\n<p>Marcel Mir i Teijeiro reserves the right to update and\/or delete the website&#8217;s content, as well as to limit or prevent access to it, either temporarily or permanently, without prior notice.<\/p>\n<h3>Intellectual and Industrial Property Rights<\/h3>\n<p>All intellectual and\/or industrial property rights to this website and all its content (texts, images, designs, creative works, software, source code, audio clips, computer programs, digital downloads, databases, trade names, trademarks, logos, and\/or any other distinctive signs, etc.) that form or have formed part of it at any time are protected by law and belong to Marcel Mir i Teijeiro.<\/p>\n<p>Under no circumstances shall access to and use of this website be construed as implying the waiver, transfer, license, assignment, in whole or in part, or authorization of any kind for the exploitation, reproduction, public communication, dissemination, disclosure, and\/or transformation of the website or its content, understood in the broadest sense indicated in the preceding paragraph, nor of the intellectual and\/or industrial property rights inherent therein.<\/p>\n<h3>Links<\/h3>\n<p>The company assumes no responsibility for the content, information, or services offered by the links presented on our website, which are provided for informational purposes only.<\/p>\n<h3>Applicable Law<\/h3>\n<p>This website is governed by Spanish law.<\/p>\n","protected":false},"excerpt":{"rendered":"<p>Marcel Mir i Teijeiro, NIF: 23817158-Z, complies with the requirements established in current legislation on Personal Data Protection and Electronic Commerce. To this end, it has created the following Legal Notice: Address: Carrenca 11-17, 3\u00ba 2\u00aa 08017 Barcelona General Terms of Use Any person accessing this website assumes the role of User, committing to the [&hellip;]<\/p>\n","protected":false},"author":1,"featured_media":0,"parent":0,"menu_order":0,"comment_status":"closed","ping_status":"closed","template":"","meta":{"_acf_changed":false,"footnotes":""},"class_list":["post-112","page","type-page","status-publish","hentry"],"acf":[],"yoast_head":"<!-- This site is optimized with the Yoast SEO plugin v27.0 - https:\/\/yoast.com\/product\/yoast-seo-wordpress\/ -->\n<title>Legal note | Lex4AI<\/title>\n<meta name=\"robots\" content=\"noindex, nofollow\" \/>\n<meta property=\"og:locale\" content=\"en_US\" \/>\n<meta property=\"og:type\" content=\"article\" \/>\n<meta property=\"og:title\" content=\"Legal note | Lex4AI\" \/>\n<meta property=\"og:description\" content=\"Marcel Mir i Teijeiro, NIF: 23817158-Z, complies with the requirements established in current legislation on Personal Data Protection and Electronic Commerce. To this end, it has created the following Legal Notice: Address: Carrenca 11-17, 3\u00ba 2\u00aa 08017 Barcelona General Terms of Use Any person accessing this website assumes the role of User, committing to the [&hellip;]\" \/>\n<meta property=\"og:url\" content=\"https:\/\/www.lex4ai.com\/en\/legal-note\/\" \/>\n<meta property=\"og:site_name\" content=\"Lex4AI\" \/>\n<meta property=\"article:modified_time\" content=\"2026-02-25T09:22:00+00:00\" \/>\n<meta property=\"og:image\" content=\"https:\/\/hundreds-wordpress-uploads.s3.amazonaws.com\/lex4ai\/uploads\/2026\/02\/Lex4AI_AI_Act_Compliance-1.jpg\" \/>\n\t<meta property=\"og:image:width\" content=\"2160\" \/>\n\t<meta property=\"og:image:height\" content=\"1350\" \/>\n\t<meta property=\"og:image:type\" content=\"image\/jpeg\" \/>\n<meta name=\"twitter:card\" content=\"summary_large_image\" \/>\n<meta name=\"twitter:label1\" content=\"Est. reading time\" \/>\n\t<meta name=\"twitter:data1\" content=\"3 minutes\" \/>\n<script type=\"application\/ld+json\" class=\"yoast-schema-graph\">{\"@context\":\"https:\/\/schema.org\",\"@graph\":[{\"@type\":\"WebPage\",\"@id\":\"https:\/\/www.lex4ai.com\/en\/legal-note\/\",\"url\":\"https:\/\/www.lex4ai.com\/en\/legal-note\/\",\"name\":\"Legal note | Lex4AI\",\"isPartOf\":{\"@id\":\"https:\/\/www.lex4ai.com\/en\/#website\"},\"datePublished\":\"2026-01-15T10:26:03+00:00\",\"dateModified\":\"2026-02-25T09:22:00+00:00\",\"breadcrumb\":{\"@id\":\"https:\/\/www.lex4ai.com\/en\/legal-note\/#breadcrumb\"},\"inLanguage\":\"en-US\",\"potentialAction\":[{\"@type\":\"ReadAction\",\"target\":[\"https:\/\/www.lex4ai.com\/en\/legal-note\/\"]}]},{\"@type\":\"BreadcrumbList\",\"@id\":\"https:\/\/www.lex4ai.com\/en\/legal-note\/#breadcrumb\",\"itemListElement\":[{\"@type\":\"ListItem\",\"position\":1,\"name\":\"Portada\",\"item\":\"https:\/\/lex4ai.com\/en\/\"},{\"@type\":\"ListItem\",\"position\":2,\"name\":\"Legal note\"}]},{\"@type\":\"WebSite\",\"@id\":\"https:\/\/www.lex4ai.com\/en\/#website\",\"url\":\"https:\/\/www.lex4ai.com\/en\/\",\"name\":\"Lex4AI\",\"description\":\"Expertos en cumplimiento del Reglamento de IA e ISO 42001. Consultor\u00eda t\u00e9cnica liderada por miembros de comit\u00e9s de estandarizaci\u00f3n\",\"publisher\":{\"@id\":\"https:\/\/www.lex4ai.com\/en\/#organization\"},\"potentialAction\":[{\"@type\":\"SearchAction\",\"target\":{\"@type\":\"EntryPoint\",\"urlTemplate\":\"https:\/\/www.lex4ai.com\/en\/?s={search_term_string}\"},\"query-input\":{\"@type\":\"PropertyValueSpecification\",\"valueRequired\":true,\"valueName\":\"search_term_string\"}}],\"inLanguage\":\"en-US\"},{\"@type\":\"Organization\",\"@id\":\"https:\/\/www.lex4ai.com\/en\/#organization\",\"name\":\"Lex4AI\",\"url\":\"https:\/\/www.lex4ai.com\/en\/\",\"logo\":{\"@type\":\"ImageObject\",\"inLanguage\":\"en-US\",\"@id\":\"https:\/\/www.lex4ai.com\/en\/#\/schema\/logo\/image\/\",\"url\":\"https:\/\/hundreds-wordpress-uploads.s3.amazonaws.com\/lex4ai\/uploads\/2026\/02\/logo-Lex4AI.jpg\",\"contentUrl\":\"https:\/\/hundreds-wordpress-uploads.s3.amazonaws.com\/lex4ai\/uploads\/2026\/02\/logo-Lex4AI.jpg\",\"width\":1280,\"height\":269,\"caption\":\"Lex4AI\"},\"image\":{\"@id\":\"https:\/\/www.lex4ai.com\/en\/#\/schema\/logo\/image\/\"}}]}<\/script>\n<!-- \/ Yoast SEO plugin. -->","yoast_head_json":{"title":"Legal note | Lex4AI","robots":{"index":"noindex","follow":"nofollow"},"og_locale":"en_US","og_type":"article","og_title":"Legal note | Lex4AI","og_description":"Marcel Mir i Teijeiro, NIF: 23817158-Z, complies with the requirements established in current legislation on Personal Data Protection and Electronic Commerce. To this end, it has created the following Legal Notice: Address: Carrenca 11-17, 3\u00ba 2\u00aa 08017 Barcelona General Terms of Use Any person accessing this website assumes the role of User, committing to the [&hellip;]","og_url":"https:\/\/www.lex4ai.com\/en\/legal-note\/","og_site_name":"Lex4AI","article_modified_time":"2026-02-25T09:22:00+00:00","og_image":[{"width":2160,"height":1350,"url":"https:\/\/hundreds-wordpress-uploads.s3.amazonaws.com\/lex4ai\/uploads\/2026\/02\/Lex4AI_AI_Act_Compliance-1.jpg","type":"image\/jpeg"}],"twitter_card":"summary_large_image","twitter_misc":{"Est. reading time":"3 minutes"},"schema":{"@context":"https:\/\/schema.org","@graph":[{"@type":"WebPage","@id":"https:\/\/www.lex4ai.com\/en\/legal-note\/","url":"https:\/\/www.lex4ai.com\/en\/legal-note\/","name":"Legal note | Lex4AI","isPartOf":{"@id":"https:\/\/www.lex4ai.com\/en\/#website"},"datePublished":"2026-01-15T10:26:03+00:00","dateModified":"2026-02-25T09:22:00+00:00","breadcrumb":{"@id":"https:\/\/www.lex4ai.com\/en\/legal-note\/#breadcrumb"},"inLanguage":"en-US","potentialAction":[{"@type":"ReadAction","target":["https:\/\/www.lex4ai.com\/en\/legal-note\/"]}]},{"@type":"BreadcrumbList","@id":"https:\/\/www.lex4ai.com\/en\/legal-note\/#breadcrumb","itemListElement":[{"@type":"ListItem","position":1,"name":"Portada","item":"https:\/\/lex4ai.com\/en\/"},{"@type":"ListItem","position":2,"name":"Legal note"}]},{"@type":"WebSite","@id":"https:\/\/www.lex4ai.com\/en\/#website","url":"https:\/\/www.lex4ai.com\/en\/","name":"Lex4AI","description":"Expertos en cumplimiento del Reglamento de IA e ISO 42001. Consultor\u00eda t\u00e9cnica liderada por miembros de comit\u00e9s de estandarizaci\u00f3n","publisher":{"@id":"https:\/\/www.lex4ai.com\/en\/#organization"},"potentialAction":[{"@type":"SearchAction","target":{"@type":"EntryPoint","urlTemplate":"https:\/\/www.lex4ai.com\/en\/?s={search_term_string}"},"query-input":{"@type":"PropertyValueSpecification","valueRequired":true,"valueName":"search_term_string"}}],"inLanguage":"en-US"},{"@type":"Organization","@id":"https:\/\/www.lex4ai.com\/en\/#organization","name":"Lex4AI","url":"https:\/\/www.lex4ai.com\/en\/","logo":{"@type":"ImageObject","inLanguage":"en-US","@id":"https:\/\/www.lex4ai.com\/en\/#\/schema\/logo\/image\/","url":"https:\/\/hundreds-wordpress-uploads.s3.amazonaws.com\/lex4ai\/uploads\/2026\/02\/logo-Lex4AI.jpg","contentUrl":"https:\/\/hundreds-wordpress-uploads.s3.amazonaws.com\/lex4ai\/uploads\/2026\/02\/logo-Lex4AI.jpg","width":1280,"height":269,"caption":"Lex4AI"},"image":{"@id":"https:\/\/www.lex4ai.com\/en\/#\/schema\/logo\/image\/"}}]}},"_links":{"self":[{"href":"https:\/\/www.lex4ai.com\/en\/wp-json\/wp\/v2\/pages\/112","targetHints":{"allow":["GET"]}}],"collection":[{"href":"https:\/\/www.lex4ai.com\/en\/wp-json\/wp\/v2\/pages"}],"about":[{"href":"https:\/\/www.lex4ai.com\/en\/wp-json\/wp\/v2\/types\/page"}],"author":[{"embeddable":true,"href":"https:\/\/www.lex4ai.com\/en\/wp-json\/wp\/v2\/users\/1"}],"replies":[{"embeddable":true,"href":"https:\/\/www.lex4ai.com\/en\/wp-json\/wp\/v2\/comments?post=112"}],"version-history":[{"count":5,"href":"https:\/\/www.lex4ai.com\/en\/wp-json\/wp\/v2\/pages\/112\/revisions"}],"predecessor-version":[{"id":265,"href":"https:\/\/www.lex4ai.com\/en\/wp-json\/wp\/v2\/pages\/112\/revisions\/265"}],"wp:attachment":[{"href":"https:\/\/www.lex4ai.com\/en\/wp-json\/wp\/v2\/media?parent=112"}],"curies":[{"name":"wp","href":"https:\/\/api.w.org\/{rel}","templated":true}]}}