{"id":57,"date":"2026-01-15T11:24:31","date_gmt":"2026-01-15T10:24:31","guid":{"rendered":"https:\/\/labs.100x100.net\/projects\/lex4ai\/contacto\/"},"modified":"2026-02-25T09:57:28","modified_gmt":"2026-02-25T08:57:28","slug":"contacte","status":"publish","type":"page","link":"https:\/\/www.lex4ai.com\/ca\/contacte\/","title":{"rendered":"Contacte"},"content":{"rendered":"","protected":false},"excerpt":{"rendered":"","protected":false},"author":1,"featured_media":0,"parent":0,"menu_order":0,"comment_status":"closed","ping_status":"closed","template":"page-contact.php","meta":{"_acf_changed":false,"footnotes":""},"class_list":["post-57","page","type-page","status-publish","hentry"],"acf":[],"yoast_head":"<!-- This site is optimized with the Yoast SEO plugin v27.0 - https:\/\/yoast.com\/product\/yoast-seo-wordpress\/ -->\n<title>Contacte | Consultoria d&#039;IA a Barcelona | Lex4AI<\/title>\n<meta name=\"description\" content=\"Necessita assessoria sobre el Reglament d&#039;IA? Contacti amb Lex4AI a Barcelona per a auditories i gesti\u00f3 de riscos legals d&#039;IA.\" \/>\n<meta name=\"robots\" content=\"index, follow, max-snippet:-1, max-image-preview:large, max-video-preview:-1\" \/>\n<link rel=\"canonical\" href=\"https:\/\/www.lex4ai.com\/ca\/contacte\/\" \/>\n<meta property=\"og:locale\" content=\"ca_ES\" \/>\n<meta property=\"og:type\" content=\"article\" \/>\n<meta property=\"og:title\" content=\"Contacte | Consultoria d&#039;IA a Barcelona | Lex4AI\" \/>\n<meta property=\"og:description\" content=\"Necessita assessoria sobre el Reglament d&#039;IA? Contacti amb Lex4AI a Barcelona per a auditories i gesti\u00f3 de riscos legals d&#039;IA.\" \/>\n<meta property=\"og:url\" content=\"https:\/\/www.lex4ai.com\/ca\/contacte\/\" \/>\n<meta property=\"og:site_name\" content=\"Lex4AI\" \/>\n<meta property=\"article:modified_time\" content=\"2026-02-25T08:57:28+00:00\" \/>\n<meta property=\"og:image\" content=\"https:\/\/hundreds-wordpress-uploads.s3.amazonaws.com\/lex4ai\/uploads\/2026\/02\/Lex4AI-1.jpg\" \/>\n\t<meta property=\"og:image:width\" content=\"1800\" \/>\n\t<meta property=\"og:image:height\" content=\"1232\" \/>\n\t<meta property=\"og:image:type\" content=\"image\/jpeg\" \/>\n<meta name=\"twitter:card\" content=\"summary_large_image\" \/>\n<script type=\"application\/ld+json\" class=\"yoast-schema-graph\">{\"@context\":\"https:\/\/schema.org\",\"@graph\":[{\"@type\":\"WebPage\",\"@id\":\"https:\/\/www.lex4ai.com\/ca\/contacte\/\",\"url\":\"https:\/\/www.lex4ai.com\/ca\/contacte\/\",\"name\":\"Contacte | Consultoria d'IA a Barcelona | Lex4AI\",\"isPartOf\":{\"@id\":\"https:\/\/www.lex4ai.com\/ca\/#website\"},\"datePublished\":\"2026-01-15T10:24:31+00:00\",\"dateModified\":\"2026-02-25T08:57:28+00:00\",\"description\":\"Necessita assessoria sobre el Reglament d'IA? Contacti amb Lex4AI a Barcelona per a auditories i gesti\u00f3 de riscos legals d'IA.\",\"breadcrumb\":{\"@id\":\"https:\/\/www.lex4ai.com\/ca\/contacte\/#breadcrumb\"},\"inLanguage\":\"ca\",\"potentialAction\":[{\"@type\":\"ReadAction\",\"target\":[\"https:\/\/www.lex4ai.com\/ca\/contacte\/\"]}]},{\"@type\":\"BreadcrumbList\",\"@id\":\"https:\/\/www.lex4ai.com\/ca\/contacte\/#breadcrumb\",\"itemListElement\":[{\"@type\":\"ListItem\",\"position\":1,\"name\":\"Portada\",\"item\":\"https:\/\/lex4ai.com\/ca\/\"},{\"@type\":\"ListItem\",\"position\":2,\"name\":\"Contacte\"}]},{\"@type\":\"WebSite\",\"@id\":\"https:\/\/www.lex4ai.com\/ca\/#website\",\"url\":\"https:\/\/www.lex4ai.com\/ca\/\",\"name\":\"Lex4AI\",\"description\":\"Expertos en cumplimiento del Reglamento de IA e ISO 42001. Consultor\u00eda t\u00e9cnica liderada por miembros de comit\u00e9s de estandarizaci\u00f3n\",\"publisher\":{\"@id\":\"https:\/\/www.lex4ai.com\/ca\/#organization\"},\"potentialAction\":[{\"@type\":\"SearchAction\",\"target\":{\"@type\":\"EntryPoint\",\"urlTemplate\":\"https:\/\/www.lex4ai.com\/ca\/?s={search_term_string}\"},\"query-input\":{\"@type\":\"PropertyValueSpecification\",\"valueRequired\":true,\"valueName\":\"search_term_string\"}}],\"inLanguage\":\"ca\"},{\"@type\":\"Organization\",\"@id\":\"https:\/\/www.lex4ai.com\/ca\/#organization\",\"name\":\"Lex4AI\",\"url\":\"https:\/\/www.lex4ai.com\/ca\/\",\"logo\":{\"@type\":\"ImageObject\",\"inLanguage\":\"ca\",\"@id\":\"https:\/\/www.lex4ai.com\/ca\/#\/schema\/logo\/image\/\",\"url\":\"https:\/\/hundreds-wordpress-uploads.s3.amazonaws.com\/lex4ai\/uploads\/2026\/02\/logo-Lex4AI.jpg\",\"contentUrl\":\"https:\/\/hundreds-wordpress-uploads.s3.amazonaws.com\/lex4ai\/uploads\/2026\/02\/logo-Lex4AI.jpg\",\"width\":1280,\"height\":269,\"caption\":\"Lex4AI\"},\"image\":{\"@id\":\"https:\/\/www.lex4ai.com\/ca\/#\/schema\/logo\/image\/\"}}]}<\/script>\n<!-- \/ Yoast SEO plugin. -->","yoast_head_json":{"title":"Contacte | Consultoria d'IA a Barcelona | Lex4AI","description":"Necessita assessoria sobre el Reglament d'IA? Contacti amb Lex4AI a Barcelona per a auditories i gesti\u00f3 de riscos legals d'IA.","robots":{"index":"index","follow":"follow","max-snippet":"max-snippet:-1","max-image-preview":"max-image-preview:large","max-video-preview":"max-video-preview:-1"},"canonical":"https:\/\/www.lex4ai.com\/ca\/contacte\/","og_locale":"ca_ES","og_type":"article","og_title":"Contacte | Consultoria d'IA a Barcelona | Lex4AI","og_description":"Necessita assessoria sobre el Reglament d'IA? Contacti amb Lex4AI a Barcelona per a auditories i gesti\u00f3 de riscos legals d'IA.","og_url":"https:\/\/www.lex4ai.com\/ca\/contacte\/","og_site_name":"Lex4AI","article_modified_time":"2026-02-25T08:57:28+00:00","og_image":[{"width":1800,"height":1232,"url":"https:\/\/hundreds-wordpress-uploads.s3.amazonaws.com\/lex4ai\/uploads\/2026\/02\/Lex4AI-1.jpg","type":"image\/jpeg"}],"twitter_card":"summary_large_image","schema":{"@context":"https:\/\/schema.org","@graph":[{"@type":"WebPage","@id":"https:\/\/www.lex4ai.com\/ca\/contacte\/","url":"https:\/\/www.lex4ai.com\/ca\/contacte\/","name":"Contacte | Consultoria d'IA a Barcelona | Lex4AI","isPartOf":{"@id":"https:\/\/www.lex4ai.com\/ca\/#website"},"datePublished":"2026-01-15T10:24:31+00:00","dateModified":"2026-02-25T08:57:28+00:00","description":"Necessita assessoria sobre el Reglament d'IA? Contacti amb Lex4AI a Barcelona per a auditories i gesti\u00f3 de riscos legals d'IA.","breadcrumb":{"@id":"https:\/\/www.lex4ai.com\/ca\/contacte\/#breadcrumb"},"inLanguage":"ca","potentialAction":[{"@type":"ReadAction","target":["https:\/\/www.lex4ai.com\/ca\/contacte\/"]}]},{"@type":"BreadcrumbList","@id":"https:\/\/www.lex4ai.com\/ca\/contacte\/#breadcrumb","itemListElement":[{"@type":"ListItem","position":1,"name":"Portada","item":"https:\/\/lex4ai.com\/ca\/"},{"@type":"ListItem","position":2,"name":"Contacte"}]},{"@type":"WebSite","@id":"https:\/\/www.lex4ai.com\/ca\/#website","url":"https:\/\/www.lex4ai.com\/ca\/","name":"Lex4AI","description":"Expertos en cumplimiento del Reglamento de IA e ISO 42001. Consultor\u00eda t\u00e9cnica liderada por miembros de comit\u00e9s de estandarizaci\u00f3n","publisher":{"@id":"https:\/\/www.lex4ai.com\/ca\/#organization"},"potentialAction":[{"@type":"SearchAction","target":{"@type":"EntryPoint","urlTemplate":"https:\/\/www.lex4ai.com\/ca\/?s={search_term_string}"},"query-input":{"@type":"PropertyValueSpecification","valueRequired":true,"valueName":"search_term_string"}}],"inLanguage":"ca"},{"@type":"Organization","@id":"https:\/\/www.lex4ai.com\/ca\/#organization","name":"Lex4AI","url":"https:\/\/www.lex4ai.com\/ca\/","logo":{"@type":"ImageObject","inLanguage":"ca","@id":"https:\/\/www.lex4ai.com\/ca\/#\/schema\/logo\/image\/","url":"https:\/\/hundreds-wordpress-uploads.s3.amazonaws.com\/lex4ai\/uploads\/2026\/02\/logo-Lex4AI.jpg","contentUrl":"https:\/\/hundreds-wordpress-uploads.s3.amazonaws.com\/lex4ai\/uploads\/2026\/02\/logo-Lex4AI.jpg","width":1280,"height":269,"caption":"Lex4AI"},"image":{"@id":"https:\/\/www.lex4ai.com\/ca\/#\/schema\/logo\/image\/"}}]}},"_links":{"self":[{"href":"https:\/\/www.lex4ai.com\/ca\/wp-json\/wp\/v2\/pages\/57","targetHints":{"allow":["GET"]}}],"collection":[{"href":"https:\/\/www.lex4ai.com\/ca\/wp-json\/wp\/v2\/pages"}],"about":[{"href":"https:\/\/www.lex4ai.com\/ca\/wp-json\/wp\/v2\/types\/page"}],"author":[{"embeddable":true,"href":"https:\/\/www.lex4ai.com\/ca\/wp-json\/wp\/v2\/users\/1"}],"replies":[{"embeddable":true,"href":"https:\/\/www.lex4ai.com\/ca\/wp-json\/wp\/v2\/comments?post=57"}],"version-history":[{"count":2,"href":"https:\/\/www.lex4ai.com\/ca\/wp-json\/wp\/v2\/pages\/57\/revisions"}],"predecessor-version":[{"id":173,"href":"https:\/\/www.lex4ai.com\/ca\/wp-json\/wp\/v2\/pages\/57\/revisions\/173"}],"wp:attachment":[{"href":"https:\/\/www.lex4ai.com\/ca\/wp-json\/wp\/v2\/media?parent=57"}],"curies":[{"name":"wp","href":"https:\/\/api.w.org\/{rel}","templated":true}]}}