{"id":299,"date":"2026-03-18T17:30:30","date_gmt":"2026-03-18T16:30:30","guid":{"rendered":"https:\/\/lex4ai.com\/?page_id=299"},"modified":"2026-03-18T17:33:00","modified_gmt":"2026-03-18T16:33:00","slug":"accessibilitat","status":"publish","type":"page","link":"https:\/\/www.lex4ai.com\/ca\/accessibilitat\/","title":{"rendered":"Accessibilitat"},"content":{"rendered":"<p>Marcel Mir i Teijeiro s\u2019ha comprom\u00e8s a fer accessible el vostre lloc web, de conformitat amb el Reial decret 1112\/2018, de 7 de setembre, sobre accessibilitat dels llocs web i aplicacions per a dispositius m\u00f2bils, pel qual es trasposa a l\u2019ordenament jur\u00eddic espanyol la Directiva (UE) 2016\/2102 del Parlament Europeu i del Consell.<\/p>\n<p>Aquesta declaraci\u00f3 d\u2019accessibilitat s\u2019aplica al web www.lex4ai.com.<\/p>\n<h4 class=\"p1\">Situaci\u00f3 de compliment<\/h4>\n<p>Aquest lloc web est\u00e0 parcialment conforme amb el RD 1112\/2018 a causa de les excepcions i la manca de conformitat dels aspectes que s\u2019indiquin a continuaci\u00f3.<\/p>\n<h4 class=\"p1\">Contingut no accessible<\/h4>\n<p>El contingut que es recull a continuaci\u00f3 no \u00e9s accessible pel seg\u00fcent:<\/p>\n<ul>\n<li>Falta de conformitat amb el RD 1112\/2018<\/li>\n<li>A causa de l\u2019automatitzaci\u00f3 d\u2019algunes de les publicacions podrien haver-hi p\u00e0gines amb un incorrecte anidament d\u2019etiquetes HTML.<\/li>\n<li>Hi ha documents en format PDF que no compleixen la normativa existint en alguns d\u2019ells, una alternativa textual HTML que compleix la normativa.<\/li>\n<li>Hi podria haver errors puntuals d\u2019edici\u00f3 en alguna p\u00e0gina web.<\/li>\n<li>C\u00e0rrega desproporcionada.<\/li>\n<li>No aplica.<\/li>\n<li>Contingut que no entra a l\u2019\u00e0mbit de la legislaci\u00f3 aplicable<\/li>\n<li>Fitxers ofim\u00e0tics en PDF o altres formats, aix\u00ed com aplicacions publicades abans del 20 de setembre del 2018 que no compleixin totalment tots els requisits d\u2019accessibilitat.<\/li>\n<li>Continguts multim\u00e8dia en directe.<\/li>\n<li>Contingut multim\u00e8dia pregravat de base temporal del ple i rodes de premsa, o publicat abans de l\u2019entrada en vigor del Reial decret.<\/li>\n<li>Serveis de mapa i cartografia en l\u00ednia.<\/li>\n<\/ul>\n<p><strong>Preparaci\u00f3 d\u2019aquesta declaraci\u00f3 d\u2019accessibilitat<\/strong><\/p>\n<p>Aquesta declaraci\u00f3 va ser preparada l\u201911 d\u2019abril del 2023 i es basa en els informes d\u2019accessibilitat web de l\u2019Observatori d\u2019Accessibilitat.<\/p>\n<h4 class=\"p1\">Observacions i dades de contacte<\/h4>\n<p>Podeu realitzar comunicacions sobre requisits d\u2019accessibilitat (article 10.2 del RD 1112\/2018) com:<\/p>\n<ul>\n<li>informar sobre qualsevol possible incompliment per part d\u2019aquest lloc web<\/li>\n<li>transmetre altres dificultats d\u2019acc\u00e9s al contingut<\/li>\n<li>formular qualsevol altra consulta o suggeriment de millora relativa a l\u2019accessibilitat del lloc web mitjan\u00e7ant el formulari de contacte d\u2019aquest lloc web<\/li>\n<\/ul>\n<p>Les comunicacions seran rebudes i tractades per Marcel Mir i Teijeiro.<\/p>\n<h4 class=\"p1\">Procediment d\u2019aplicaci\u00f3<\/h4>\n<p>Es posar\u00e0 en marxa un procediment daplicaci\u00f3 adequat i efica\u00e7 al qual sha de rec\u00f3rrer en cas que la resposta a la comunicaci\u00f3 o la sol\u00b7 licitud sigui insatisfact\u00f2ria.<\/p>\n<h4 class=\"p1\">Contingut opcional<\/h4>\n<p>Aquest lloc web:<\/p>\n<p>S\u2019ha dissenyat adaptant-se als est\u00e0ndards i normatives vigents en relaci\u00f3 a l\u2019accessibilitat, complint amb els punts de verificaci\u00f3 de prioritat 2 (AA) definits a l\u2019especificaci\u00f3 de Pautes d\u2019Accessibilitat al Contingut a la Web (WCAG 2.1).<\/p>\n<p>Compleix els requisits de la Norma UNE-EN 301549 v1.1.2:2015, considerant les excepcions del Reial decret 1112\/2018.<\/p>\n<p>Est\u00e0 dissenyat per a la correcta visualitzaci\u00f3 en dispositius d\u2019escriptori, tauleta i m\u00f2bils per a una resoluci\u00f3 m\u00ednima de 1280\u00d71024.<\/p>\n<p>S\u2019ha realitzat utilitzant HTML5 com a llenguatge de marcatge i fulls d\u2019estil CSS3 per dissenyar-los.<\/p>\n<p>Est\u00e0 dissenyat per utilitzar-lo amb javascript no intrusiu.<\/p>\n","protected":false},"excerpt":{"rendered":"<p>Marcel Mir i Teijeiro s\u2019ha comprom\u00e8s a fer accessible el vostre lloc web, de conformitat amb el Reial decret 1112\/2018, de 7 de setembre, sobre accessibilitat dels llocs web i aplicacions per a dispositius m\u00f2bils, pel qual es trasposa a l\u2019ordenament jur\u00eddic espanyol la Directiva (UE) 2016\/2102 del Parlament Europeu i del Consell. Aquesta declaraci\u00f3 [&hellip;]<\/p>\n","protected":false},"author":1,"featured_media":0,"parent":0,"menu_order":0,"comment_status":"closed","ping_status":"closed","template":"","meta":{"_acf_changed":false,"footnotes":""},"class_list":["post-299","page","type-page","status-publish","hentry"],"acf":[],"yoast_head":"<!-- This site is optimized with the Yoast SEO plugin v27.0 - https:\/\/yoast.com\/product\/yoast-seo-wordpress\/ -->\n<title>Accessibilitat | Lex4AI<\/title>\n<meta name=\"robots\" content=\"index, follow, max-snippet:-1, max-image-preview:large, max-video-preview:-1\" \/>\n<link rel=\"canonical\" href=\"https:\/\/www.lex4ai.com\/ca\/accessibilitat\/\" \/>\n<meta property=\"og:locale\" content=\"ca_ES\" \/>\n<meta property=\"og:type\" content=\"article\" \/>\n<meta property=\"og:title\" content=\"Accessibilitat | Lex4AI\" \/>\n<meta property=\"og:description\" content=\"Marcel Mir i Teijeiro s\u2019ha comprom\u00e8s a fer accessible el vostre lloc web, de conformitat amb el Reial decret 1112\/2018, de 7 de setembre, sobre accessibilitat dels llocs web i aplicacions per a dispositius m\u00f2bils, pel qual es trasposa a l\u2019ordenament jur\u00eddic espanyol la Directiva (UE) 2016\/2102 del Parlament Europeu i del Consell. Aquesta declaraci\u00f3 [&hellip;]\" \/>\n<meta property=\"og:url\" content=\"https:\/\/www.lex4ai.com\/ca\/accessibilitat\/\" \/>\n<meta property=\"og:site_name\" content=\"Lex4AI\" \/>\n<meta property=\"article:modified_time\" content=\"2026-03-18T16:33:00+00:00\" \/>\n<meta property=\"og:image\" content=\"https:\/\/hundreds-wordpress-uploads.s3.amazonaws.com\/lex4ai\/uploads\/2026\/02\/Lex4AI_AI_Act_Compliance-1.jpg\" \/>\n\t<meta property=\"og:image:width\" content=\"2160\" \/>\n\t<meta property=\"og:image:height\" content=\"1350\" \/>\n\t<meta property=\"og:image:type\" content=\"image\/jpeg\" \/>\n<meta name=\"twitter:card\" content=\"summary_large_image\" \/>\n<meta name=\"twitter:label1\" content=\"Temps estimat de lectura\" \/>\n\t<meta name=\"twitter:data1\" content=\"3 minuts\" \/>\n<script type=\"application\/ld+json\" class=\"yoast-schema-graph\">{\"@context\":\"https:\/\/schema.org\",\"@graph\":[{\"@type\":\"WebPage\",\"@id\":\"https:\/\/www.lex4ai.com\/ca\/accessibilitat\/\",\"url\":\"https:\/\/www.lex4ai.com\/ca\/accessibilitat\/\",\"name\":\"Accessibilitat | Lex4AI\",\"isPartOf\":{\"@id\":\"https:\/\/www.lex4ai.com\/ca\/#website\"},\"datePublished\":\"2026-03-18T16:30:30+00:00\",\"dateModified\":\"2026-03-18T16:33:00+00:00\",\"breadcrumb\":{\"@id\":\"https:\/\/www.lex4ai.com\/ca\/accessibilitat\/#breadcrumb\"},\"inLanguage\":\"ca\",\"potentialAction\":[{\"@type\":\"ReadAction\",\"target\":[\"https:\/\/www.lex4ai.com\/ca\/accessibilitat\/\"]}]},{\"@type\":\"BreadcrumbList\",\"@id\":\"https:\/\/www.lex4ai.com\/ca\/accessibilitat\/#breadcrumb\",\"itemListElement\":[{\"@type\":\"ListItem\",\"position\":1,\"name\":\"Portada\",\"item\":\"https:\/\/lex4ai.com\/ca\/\"},{\"@type\":\"ListItem\",\"position\":2,\"name\":\"Accessibilitat\"}]},{\"@type\":\"WebSite\",\"@id\":\"https:\/\/www.lex4ai.com\/ca\/#website\",\"url\":\"https:\/\/www.lex4ai.com\/ca\/\",\"name\":\"Lex4AI\",\"description\":\"Expertos en cumplimiento del Reglamento de IA e ISO 42001. Consultor\u00eda t\u00e9cnica liderada por miembros de comit\u00e9s de estandarizaci\u00f3n\",\"publisher\":{\"@id\":\"https:\/\/www.lex4ai.com\/ca\/#organization\"},\"potentialAction\":[{\"@type\":\"SearchAction\",\"target\":{\"@type\":\"EntryPoint\",\"urlTemplate\":\"https:\/\/www.lex4ai.com\/ca\/?s={search_term_string}\"},\"query-input\":{\"@type\":\"PropertyValueSpecification\",\"valueRequired\":true,\"valueName\":\"search_term_string\"}}],\"inLanguage\":\"ca\"},{\"@type\":\"Organization\",\"@id\":\"https:\/\/www.lex4ai.com\/ca\/#organization\",\"name\":\"Lex4AI\",\"url\":\"https:\/\/www.lex4ai.com\/ca\/\",\"logo\":{\"@type\":\"ImageObject\",\"inLanguage\":\"ca\",\"@id\":\"https:\/\/www.lex4ai.com\/ca\/#\/schema\/logo\/image\/\",\"url\":\"https:\/\/hundreds-wordpress-uploads.s3.amazonaws.com\/lex4ai\/uploads\/2026\/02\/logo-Lex4AI.jpg\",\"contentUrl\":\"https:\/\/hundreds-wordpress-uploads.s3.amazonaws.com\/lex4ai\/uploads\/2026\/02\/logo-Lex4AI.jpg\",\"width\":1280,\"height\":269,\"caption\":\"Lex4AI\"},\"image\":{\"@id\":\"https:\/\/www.lex4ai.com\/ca\/#\/schema\/logo\/image\/\"}}]}<\/script>\n<!-- \/ Yoast SEO plugin. -->","yoast_head_json":{"title":"Accessibilitat | Lex4AI","robots":{"index":"index","follow":"follow","max-snippet":"max-snippet:-1","max-image-preview":"max-image-preview:large","max-video-preview":"max-video-preview:-1"},"canonical":"https:\/\/www.lex4ai.com\/ca\/accessibilitat\/","og_locale":"ca_ES","og_type":"article","og_title":"Accessibilitat | Lex4AI","og_description":"Marcel Mir i Teijeiro s\u2019ha comprom\u00e8s a fer accessible el vostre lloc web, de conformitat amb el Reial decret 1112\/2018, de 7 de setembre, sobre accessibilitat dels llocs web i aplicacions per a dispositius m\u00f2bils, pel qual es trasposa a l\u2019ordenament jur\u00eddic espanyol la Directiva (UE) 2016\/2102 del Parlament Europeu i del Consell. Aquesta declaraci\u00f3 [&hellip;]","og_url":"https:\/\/www.lex4ai.com\/ca\/accessibilitat\/","og_site_name":"Lex4AI","article_modified_time":"2026-03-18T16:33:00+00:00","og_image":[{"width":2160,"height":1350,"url":"https:\/\/hundreds-wordpress-uploads.s3.amazonaws.com\/lex4ai\/uploads\/2026\/02\/Lex4AI_AI_Act_Compliance-1.jpg","type":"image\/jpeg"}],"twitter_card":"summary_large_image","twitter_misc":{"Temps estimat de lectura":"3 minuts"},"schema":{"@context":"https:\/\/schema.org","@graph":[{"@type":"WebPage","@id":"https:\/\/www.lex4ai.com\/ca\/accessibilitat\/","url":"https:\/\/www.lex4ai.com\/ca\/accessibilitat\/","name":"Accessibilitat | Lex4AI","isPartOf":{"@id":"https:\/\/www.lex4ai.com\/ca\/#website"},"datePublished":"2026-03-18T16:30:30+00:00","dateModified":"2026-03-18T16:33:00+00:00","breadcrumb":{"@id":"https:\/\/www.lex4ai.com\/ca\/accessibilitat\/#breadcrumb"},"inLanguage":"ca","potentialAction":[{"@type":"ReadAction","target":["https:\/\/www.lex4ai.com\/ca\/accessibilitat\/"]}]},{"@type":"BreadcrumbList","@id":"https:\/\/www.lex4ai.com\/ca\/accessibilitat\/#breadcrumb","itemListElement":[{"@type":"ListItem","position":1,"name":"Portada","item":"https:\/\/lex4ai.com\/ca\/"},{"@type":"ListItem","position":2,"name":"Accessibilitat"}]},{"@type":"WebSite","@id":"https:\/\/www.lex4ai.com\/ca\/#website","url":"https:\/\/www.lex4ai.com\/ca\/","name":"Lex4AI","description":"Expertos en cumplimiento del Reglamento de IA e ISO 42001. Consultor\u00eda t\u00e9cnica liderada por miembros de comit\u00e9s de estandarizaci\u00f3n","publisher":{"@id":"https:\/\/www.lex4ai.com\/ca\/#organization"},"potentialAction":[{"@type":"SearchAction","target":{"@type":"EntryPoint","urlTemplate":"https:\/\/www.lex4ai.com\/ca\/?s={search_term_string}"},"query-input":{"@type":"PropertyValueSpecification","valueRequired":true,"valueName":"search_term_string"}}],"inLanguage":"ca"},{"@type":"Organization","@id":"https:\/\/www.lex4ai.com\/ca\/#organization","name":"Lex4AI","url":"https:\/\/www.lex4ai.com\/ca\/","logo":{"@type":"ImageObject","inLanguage":"ca","@id":"https:\/\/www.lex4ai.com\/ca\/#\/schema\/logo\/image\/","url":"https:\/\/hundreds-wordpress-uploads.s3.amazonaws.com\/lex4ai\/uploads\/2026\/02\/logo-Lex4AI.jpg","contentUrl":"https:\/\/hundreds-wordpress-uploads.s3.amazonaws.com\/lex4ai\/uploads\/2026\/02\/logo-Lex4AI.jpg","width":1280,"height":269,"caption":"Lex4AI"},"image":{"@id":"https:\/\/www.lex4ai.com\/ca\/#\/schema\/logo\/image\/"}}]}},"_links":{"self":[{"href":"https:\/\/www.lex4ai.com\/ca\/wp-json\/wp\/v2\/pages\/299","targetHints":{"allow":["GET"]}}],"collection":[{"href":"https:\/\/www.lex4ai.com\/ca\/wp-json\/wp\/v2\/pages"}],"about":[{"href":"https:\/\/www.lex4ai.com\/ca\/wp-json\/wp\/v2\/types\/page"}],"author":[{"embeddable":true,"href":"https:\/\/www.lex4ai.com\/ca\/wp-json\/wp\/v2\/users\/1"}],"replies":[{"embeddable":true,"href":"https:\/\/www.lex4ai.com\/ca\/wp-json\/wp\/v2\/comments?post=299"}],"version-history":[{"count":1,"href":"https:\/\/www.lex4ai.com\/ca\/wp-json\/wp\/v2\/pages\/299\/revisions"}],"predecessor-version":[{"id":300,"href":"https:\/\/www.lex4ai.com\/ca\/wp-json\/wp\/v2\/pages\/299\/revisions\/300"}],"wp:attachment":[{"href":"https:\/\/www.lex4ai.com\/ca\/wp-json\/wp\/v2\/media?parent=299"}],"curies":[{"name":"wp","href":"https:\/\/api.w.org\/{rel}","templated":true}]}}