{"id":110,"date":"2026-01-15T11:26:03","date_gmt":"2026-01-15T10:26:03","guid":{"rendered":"https:\/\/labs.100x100.net\/projects\/lex4ai\/?page_id=110"},"modified":"2026-02-25T10:22:13","modified_gmt":"2026-02-25T09:22:13","slug":"avis-legal","status":"publish","type":"page","link":"https:\/\/www.lex4ai.com\/ca\/avis-legal\/","title":{"rendered":"Av\u00eds legal"},"content":{"rendered":"<p>Marcel Mir i Teijeiro, amb NIF: 23817158-Z. compleix amb els requisits establerts en la normativa actual sobre Protecci\u00f3 de Dades de Car\u00e0cter Personal i Comer\u00e7 Electr\u00f2nic. A tal fi, ha creat el seg\u00fcent Av\u00eds Legal:<\/p>\n<p>Direcci\u00f3: Carrenca 11-17, 3\u00ba 2\u00aa 08017 Barcelona<\/p>\n<h3>Condicions generals d\u2019\u00fas<\/h3>\n<p>Tota persona que accedeixi a aquest lloc web assumeix el paper d\u2019Usuari, comprometent-se a l\u2019observan\u00e7a i compliment rigor\u00f3s de les disposicions aqu\u00ed disposades, aix\u00ed com a qualsevol altra disposici\u00f3 legal que fos aplicable.<\/p>\n<p>Marcel Mir i Teijeiro es reserva el dret a modificar qualsevol tipus d\u2019informaci\u00f3 que pogu\u00e9s apar\u00e8ixer en el lloc web, sense que existeixi obligaci\u00f3 de preavisar o posar en coneixement dels Usuaris aquestes obligacions, entenent-se com a suficient amb la publicaci\u00f3 en el seu lloc web.<\/p>\n<p>L\u2019usuari accepta plenament i sense reserves les disposicions incloses en aquest Av\u00eds Legal, en la versi\u00f3 publicada per Marcel Mir i Teijeiro. en el moment mateix que l\u2019Usuari accedeixi al lloc web.<\/p>\n<p>El lloc web pot ser visitat lliurement i l\u2019Usuari es compromet a utilitzar els seus continguts i serveis de conformitat amb la llei, la moral, els bons costums i el present Av\u00eds Legal. A aquest efecte, l\u2019Usuari s\u2019abstindr\u00e0 d\u2019utilitzar el lloc web amb finalitats o efectes il\u00b7l\u00edcits, prohibits i lesius dels drets i interessos de tercers.<\/p>\n<p>Marcel Mir i Teijeiro no es responsabilitza dels errors o omissions, dels continguts del lloc web ni d\u2019altres continguts als quals es pugui accedir a trav\u00e9s d\u2019aquest, ni dels danys derivats de la utilitzaci\u00f3 del lloc web, ni per qualsevol actuaci\u00f3 realitzada sobre la base de la informaci\u00f3 que en ella es facilita.<\/p>\n<p>Marcel Mir i Teijeiro ni garanteix l\u2019abs\u00e8ncia de virus o altres elements lesius, que poguessin causar danys o alteracions en el sistema inform\u00e0tic, en els documents electr\u00f2nics o en els fitxers de l\u2019usuari del lloc web; ni respon dels danys i perjudicis que tals elements poguessin ocasionar a l\u2019Usuari o tercers.<\/p>\n<p>El lloc web t\u00e9 car\u00e0cter informatiu, per la qual cosa el seu contingut podr\u00e0 ser modificat, ampliat o suprimit en qualsevol moment, sense previ av\u00eds.<\/p>\n<p>Marcel Mir i Teijeiro es reserva el dret d\u2019actualitzar els continguts del lloc web i\/o d\u2019eliminar-los, aix\u00ed com de limitar i impedir l\u2019acc\u00e9s a aquests, ja sigui temporal o definitivament, sense pr\u00e8via notificaci\u00f3.<\/p>\n<h5>Drets de propietat intel\u00b7lectual i industrial<\/h5>\n<p>Tots els drets de propietat intel\u00b7lectual i\/o industrial del lloc web i de tots els seus continguts (textos, imatges, dissenys, creativitats, programari, codi font, fragment d\u2019\u00e0udio, programes inform\u00e0tics, desc\u00e0rregues digitals, bases de dades, noms comercials, marques, logotips, i\/o qualsevol altre signe distintiu, etc.) que formin o hagin format part del mateix en algun moment, estan protegits per Llei i pertanyen a Marcel Mir i Teijeiro.<\/p>\n<p>En cap cas s\u2019entendr\u00e0 que l\u2019acc\u00e9s i \u00fas del lloc web implica la ren\u00fancia, transmissi\u00f3, llic\u00e8ncia, cessi\u00f3, total ni parcial, ni autoritzaci\u00f3 de cap classe, per a l\u2019explotaci\u00f3, reproducci\u00f3, comunicaci\u00f3 p\u00fablica, difusi\u00f3, divulgaci\u00f3 i\/o transformaci\u00f3 ni del lloc web, ni dels seus continguts, entesos amb l\u2019amplitud assenyalada en el punt anterior, ni tampoc dels drets de propietat intel\u00b7lectual i\/o industrial inherents a aquests.<\/p>\n<h3>Enlla\u00e7os<\/h3>\n<p>L\u2019empresa no assumeix cap responsabilitat sobre el contingut, informaci\u00f3 o serveis que puguin oferir els enlla\u00e7os que es presenten en el nostre lloc web, i que tenen car\u00e0cter merament informatiu.<\/p>\n<h3>Legislaci\u00f3 aplicable:<\/h3>\n<p>La present Web es regeix per la legislaci\u00f3 espanyola.<\/p>\n","protected":false},"excerpt":{"rendered":"<p>Marcel Mir i Teijeiro, amb NIF: 23817158-Z. compleix amb els requisits establerts en la normativa actual sobre Protecci\u00f3 de Dades de Car\u00e0cter Personal i Comer\u00e7 Electr\u00f2nic. A tal fi, ha creat el seg\u00fcent Av\u00eds Legal: Direcci\u00f3: Carrenca 11-17, 3\u00ba 2\u00aa 08017 Barcelona Condicions generals d\u2019\u00fas Tota persona que accedeixi a aquest lloc web assumeix el [&hellip;]<\/p>\n","protected":false},"author":1,"featured_media":0,"parent":0,"menu_order":0,"comment_status":"closed","ping_status":"closed","template":"","meta":{"_acf_changed":false,"footnotes":""},"class_list":["post-110","page","type-page","status-publish","hentry"],"acf":[],"yoast_head":"<!-- This site is optimized with the Yoast SEO plugin v27.0 - https:\/\/yoast.com\/product\/yoast-seo-wordpress\/ -->\n<title>Av\u00eds legal | Lex4AI<\/title>\n<meta name=\"robots\" content=\"noindex, nofollow\" \/>\n<meta property=\"og:locale\" content=\"ca_ES\" \/>\n<meta property=\"og:type\" content=\"article\" \/>\n<meta property=\"og:title\" content=\"Av\u00eds legal | Lex4AI\" \/>\n<meta property=\"og:description\" content=\"Marcel Mir i Teijeiro, amb NIF: 23817158-Z. compleix amb els requisits establerts en la normativa actual sobre Protecci\u00f3 de Dades de Car\u00e0cter Personal i Comer\u00e7 Electr\u00f2nic. A tal fi, ha creat el seg\u00fcent Av\u00eds Legal: Direcci\u00f3: Carrenca 11-17, 3\u00ba 2\u00aa 08017 Barcelona Condicions generals d\u2019\u00fas Tota persona que accedeixi a aquest lloc web assumeix el [&hellip;]\" \/>\n<meta property=\"og:url\" content=\"https:\/\/www.lex4ai.com\/ca\/avis-legal\/\" \/>\n<meta property=\"og:site_name\" content=\"Lex4AI\" \/>\n<meta property=\"article:modified_time\" content=\"2026-02-25T09:22:13+00:00\" \/>\n<meta property=\"og:image\" content=\"https:\/\/hundreds-wordpress-uploads.s3.amazonaws.com\/lex4ai\/uploads\/2026\/02\/Lex4AI_AI_Act_Compliance-1.jpg\" \/>\n\t<meta property=\"og:image:width\" content=\"2160\" \/>\n\t<meta property=\"og:image:height\" content=\"1350\" \/>\n\t<meta property=\"og:image:type\" content=\"image\/jpeg\" \/>\n<meta name=\"twitter:card\" content=\"summary_large_image\" \/>\n<meta name=\"twitter:label1\" content=\"Temps estimat de lectura\" \/>\n\t<meta name=\"twitter:data1\" content=\"3 minuts\" \/>\n<script type=\"application\/ld+json\" class=\"yoast-schema-graph\">{\"@context\":\"https:\/\/schema.org\",\"@graph\":[{\"@type\":\"WebPage\",\"@id\":\"https:\/\/www.lex4ai.com\/ca\/avis-legal\/\",\"url\":\"https:\/\/www.lex4ai.com\/ca\/avis-legal\/\",\"name\":\"Av\u00eds legal | Lex4AI\",\"isPartOf\":{\"@id\":\"https:\/\/www.lex4ai.com\/ca\/#website\"},\"datePublished\":\"2026-01-15T10:26:03+00:00\",\"dateModified\":\"2026-02-25T09:22:13+00:00\",\"breadcrumb\":{\"@id\":\"https:\/\/www.lex4ai.com\/ca\/avis-legal\/#breadcrumb\"},\"inLanguage\":\"ca\",\"potentialAction\":[{\"@type\":\"ReadAction\",\"target\":[\"https:\/\/www.lex4ai.com\/ca\/avis-legal\/\"]}]},{\"@type\":\"BreadcrumbList\",\"@id\":\"https:\/\/www.lex4ai.com\/ca\/avis-legal\/#breadcrumb\",\"itemListElement\":[{\"@type\":\"ListItem\",\"position\":1,\"name\":\"Portada\",\"item\":\"https:\/\/lex4ai.com\/ca\/\"},{\"@type\":\"ListItem\",\"position\":2,\"name\":\"Av\u00eds legal\"}]},{\"@type\":\"WebSite\",\"@id\":\"https:\/\/www.lex4ai.com\/ca\/#website\",\"url\":\"https:\/\/www.lex4ai.com\/ca\/\",\"name\":\"Lex4AI\",\"description\":\"Expertos en cumplimiento del Reglamento de IA e ISO 42001. Consultor\u00eda t\u00e9cnica liderada por miembros de comit\u00e9s de estandarizaci\u00f3n\",\"publisher\":{\"@id\":\"https:\/\/www.lex4ai.com\/ca\/#organization\"},\"potentialAction\":[{\"@type\":\"SearchAction\",\"target\":{\"@type\":\"EntryPoint\",\"urlTemplate\":\"https:\/\/www.lex4ai.com\/ca\/?s={search_term_string}\"},\"query-input\":{\"@type\":\"PropertyValueSpecification\",\"valueRequired\":true,\"valueName\":\"search_term_string\"}}],\"inLanguage\":\"ca\"},{\"@type\":\"Organization\",\"@id\":\"https:\/\/www.lex4ai.com\/ca\/#organization\",\"name\":\"Lex4AI\",\"url\":\"https:\/\/www.lex4ai.com\/ca\/\",\"logo\":{\"@type\":\"ImageObject\",\"inLanguage\":\"ca\",\"@id\":\"https:\/\/www.lex4ai.com\/ca\/#\/schema\/logo\/image\/\",\"url\":\"https:\/\/hundreds-wordpress-uploads.s3.amazonaws.com\/lex4ai\/uploads\/2026\/02\/logo-Lex4AI.jpg\",\"contentUrl\":\"https:\/\/hundreds-wordpress-uploads.s3.amazonaws.com\/lex4ai\/uploads\/2026\/02\/logo-Lex4AI.jpg\",\"width\":1280,\"height\":269,\"caption\":\"Lex4AI\"},\"image\":{\"@id\":\"https:\/\/www.lex4ai.com\/ca\/#\/schema\/logo\/image\/\"}}]}<\/script>\n<!-- \/ Yoast SEO plugin. -->","yoast_head_json":{"title":"Av\u00eds legal | Lex4AI","robots":{"index":"noindex","follow":"nofollow"},"og_locale":"ca_ES","og_type":"article","og_title":"Av\u00eds legal | Lex4AI","og_description":"Marcel Mir i Teijeiro, amb NIF: 23817158-Z. compleix amb els requisits establerts en la normativa actual sobre Protecci\u00f3 de Dades de Car\u00e0cter Personal i Comer\u00e7 Electr\u00f2nic. A tal fi, ha creat el seg\u00fcent Av\u00eds Legal: Direcci\u00f3: Carrenca 11-17, 3\u00ba 2\u00aa 08017 Barcelona Condicions generals d\u2019\u00fas Tota persona que accedeixi a aquest lloc web assumeix el [&hellip;]","og_url":"https:\/\/www.lex4ai.com\/ca\/avis-legal\/","og_site_name":"Lex4AI","article_modified_time":"2026-02-25T09:22:13+00:00","og_image":[{"width":2160,"height":1350,"url":"https:\/\/hundreds-wordpress-uploads.s3.amazonaws.com\/lex4ai\/uploads\/2026\/02\/Lex4AI_AI_Act_Compliance-1.jpg","type":"image\/jpeg"}],"twitter_card":"summary_large_image","twitter_misc":{"Temps estimat de lectura":"3 minuts"},"schema":{"@context":"https:\/\/schema.org","@graph":[{"@type":"WebPage","@id":"https:\/\/www.lex4ai.com\/ca\/avis-legal\/","url":"https:\/\/www.lex4ai.com\/ca\/avis-legal\/","name":"Av\u00eds legal | Lex4AI","isPartOf":{"@id":"https:\/\/www.lex4ai.com\/ca\/#website"},"datePublished":"2026-01-15T10:26:03+00:00","dateModified":"2026-02-25T09:22:13+00:00","breadcrumb":{"@id":"https:\/\/www.lex4ai.com\/ca\/avis-legal\/#breadcrumb"},"inLanguage":"ca","potentialAction":[{"@type":"ReadAction","target":["https:\/\/www.lex4ai.com\/ca\/avis-legal\/"]}]},{"@type":"BreadcrumbList","@id":"https:\/\/www.lex4ai.com\/ca\/avis-legal\/#breadcrumb","itemListElement":[{"@type":"ListItem","position":1,"name":"Portada","item":"https:\/\/lex4ai.com\/ca\/"},{"@type":"ListItem","position":2,"name":"Av\u00eds legal"}]},{"@type":"WebSite","@id":"https:\/\/www.lex4ai.com\/ca\/#website","url":"https:\/\/www.lex4ai.com\/ca\/","name":"Lex4AI","description":"Expertos en cumplimiento del Reglamento de IA e ISO 42001. Consultor\u00eda t\u00e9cnica liderada por miembros de comit\u00e9s de estandarizaci\u00f3n","publisher":{"@id":"https:\/\/www.lex4ai.com\/ca\/#organization"},"potentialAction":[{"@type":"SearchAction","target":{"@type":"EntryPoint","urlTemplate":"https:\/\/www.lex4ai.com\/ca\/?s={search_term_string}"},"query-input":{"@type":"PropertyValueSpecification","valueRequired":true,"valueName":"search_term_string"}}],"inLanguage":"ca"},{"@type":"Organization","@id":"https:\/\/www.lex4ai.com\/ca\/#organization","name":"Lex4AI","url":"https:\/\/www.lex4ai.com\/ca\/","logo":{"@type":"ImageObject","inLanguage":"ca","@id":"https:\/\/www.lex4ai.com\/ca\/#\/schema\/logo\/image\/","url":"https:\/\/hundreds-wordpress-uploads.s3.amazonaws.com\/lex4ai\/uploads\/2026\/02\/logo-Lex4AI.jpg","contentUrl":"https:\/\/hundreds-wordpress-uploads.s3.amazonaws.com\/lex4ai\/uploads\/2026\/02\/logo-Lex4AI.jpg","width":1280,"height":269,"caption":"Lex4AI"},"image":{"@id":"https:\/\/www.lex4ai.com\/ca\/#\/schema\/logo\/image\/"}}]}},"_links":{"self":[{"href":"https:\/\/www.lex4ai.com\/ca\/wp-json\/wp\/v2\/pages\/110","targetHints":{"allow":["GET"]}}],"collection":[{"href":"https:\/\/www.lex4ai.com\/ca\/wp-json\/wp\/v2\/pages"}],"about":[{"href":"https:\/\/www.lex4ai.com\/ca\/wp-json\/wp\/v2\/types\/page"}],"author":[{"embeddable":true,"href":"https:\/\/www.lex4ai.com\/ca\/wp-json\/wp\/v2\/users\/1"}],"replies":[{"embeddable":true,"href":"https:\/\/www.lex4ai.com\/ca\/wp-json\/wp\/v2\/comments?post=110"}],"version-history":[{"count":5,"href":"https:\/\/www.lex4ai.com\/ca\/wp-json\/wp\/v2\/pages\/110\/revisions"}],"predecessor-version":[{"id":264,"href":"https:\/\/www.lex4ai.com\/ca\/wp-json\/wp\/v2\/pages\/110\/revisions\/264"}],"wp:attachment":[{"href":"https:\/\/www.lex4ai.com\/ca\/wp-json\/wp\/v2\/media?parent=110"}],"curies":[{"name":"wp","href":"https:\/\/api.w.org\/{rel}","templated":true}]}}