{"id":103,"date":"2026-01-14T16:05:49","date_gmt":"2026-01-14T15:05:49","guid":{"rendered":"https:\/\/labs.100x100.net\/projects\/lex4ai\/?page_id=103"},"modified":"2026-02-25T10:43:40","modified_gmt":"2026-02-25T09:43:40","slug":"politica-de-privacitat","status":"publish","type":"page","link":"https:\/\/www.lex4ai.com\/ca\/politica-de-privacitat\/","title":{"rendered":"Pol\u00edtica de privacitat"},"content":{"rendered":"<p>Les dades personals recollides o generades quan es comuniqui amb Marcel Mir i Teijeiro incl\u00f2s els correus electr\u00f2nics, seran tractats per Marcel Mir i Teijeiro amb base en la relaci\u00f3 professional existent, i per tal de gestionar aquesta relaci\u00f3 professional, complir amb les obligacions legals corresponents i, si escau, informar-lo de l\u2019actualitat jur\u00eddica si obtenim el seu consentiment o si tenim un inter\u00e8s leg\u00edtim per la relaci\u00f3 generada amb Un. Les seves dades seran conservades mentre la relaci\u00f3 de contacte professional segueixi en vigor i, posteriorment, mentre hi hagi responsabilitats legals o contractuals o mentre no s\u2019oposi a l\u2019enviament d\u2019informaci\u00f3 legal. Pot exercitar els drets d\u2019acc\u00e9s, rectificaci\u00f3, supressi\u00f3, limitaci\u00f3 i portabilitat, quan corresponguin, en <a class=\"flex\" href=\"mailto:hello@lex4ai.com\">hello@lex4ai.com<\/a>\u00a0Aix\u00ed mateix, podr\u00e0 formular reclamacions davant l\u2019autoritat competent. L\u2019informem que les seves dades no seran cedides a cap tercer, excepte: a) les empreses de Grup, b) que hi hagi obligaci\u00f3 legal o c) expressament l\u2019hi indiquem, podent accedir-hi prestadors de serveis de sistemes, eines de tecnologia, o altres assessors amb els quals, atenent a la seva sol\u00b7licitud, ens haguem de posar en contacte.<\/p>\n<p>Marcel Mir i Teijeiro. protegeix les dades personals segons el que s\u2019estableix en el Reglament (UE) 2016\/679 del Parlament i del Consell, de 27 d\u2019abril de 2016, relatiu a la protecci\u00f3 de les persones f\u00edsiques pel que fa al tractament de dades personals i a la lliure circulaci\u00f3 d\u2019aquestes amb l\u2019objecte que es respectin les llibertats i els drets fonamentals de les persones a qui pertanyin aquestes dades.<\/p>\n<p>Les seves dades seran tractades amb la m\u00e0xima confidencialitat per a gestionar la nostra relaci\u00f3 comercial. Les dades es conservaran fins que se sol\u00b7liciti la supressi\u00f3 a la seg\u00fcent adre\u00e7a <a class=\"flex\" href=\"mailto:hello@lex4ai.com\">hello@lex4ai.com<\/a>, o ho estableixi una disposici\u00f3 legal. Pot presentar una reclamaci\u00f3 davant l\u2019autoritat de control competent (www.aepd.es) si considera que el tractament no s\u2019ajusta a la normativa vigent.<\/p>\n<p>Marcel Mir i Teijeiro est\u00e0 legitimada per a tractar les seves dades perqu\u00e8 s\u00f3n necess\u00e0ries per a prestar el servei sol\u00b7licitat o pel consentiment que ens atorga en els diferents formularis de contacte de la web.<\/p>\n<p>Les dades no se cediran a tercers excepte en els casos en qu\u00e8 existeixi una obligaci\u00f3 legal.<\/p>\n<p>Per a exercir els drets d\u2019acc\u00e9s, rectificaci\u00f3, supressi\u00f3 i portabilitat de les seves dades, i la limitaci\u00f3 o oposici\u00f3 al seu tractament, s\u2019ha de dirigir per escrit a <a class=\"flex\" href=\"mailto:hello@lex4ai.com\">hello@lex4ai.com<\/a>.<\/p>\n<p>Els Usuaris, mitjan\u00e7ant la marcaci\u00f3 de les caselles corresponents i entrada de dades en els camps, marcats amb un asterisc (*) en el formulari de contacte o presentats en formularis de desc\u00e0rrega, accepten expressament i de forma lliure i inequ\u00edvoca, que les seves dades s\u00f3n necess\u00e0ries per a atendre la seva petici\u00f3, per part del prestador, sent volunt\u00e0ria la inclusi\u00f3 de dades en els camps restants. L\u2019Usuari garanteix que les dades personals facilitades s\u00f3n certes i es fa responsable de comunicar qualsevol modificaci\u00f3 d\u2019aquestes.<\/p>\n<p>Marcel Mir i Teijeiro informa i garanteix expressament als usuaris que les seves dades personals no seran cedides en cap cas a tercers, i que sempre que realitz\u00e9s algun tipus de cessi\u00f3 de dades personals, es demanar\u00e0 pr\u00e8viament el consentiment expr\u00e9s, informat i inequ\u00edvoc per part els Usuaris. Totes les dades sol\u00b7licitades a trav\u00e9s del lloc web s\u00f3n obligat\u00f2ries, ja que s\u00f3n necess\u00e0ries per a la prestaci\u00f3 d\u2019un servei \u00f2ptim a l\u2019Usuari. En cas que no siguin facilitades totes les dades, no es garanteix que la informaci\u00f3 i serveis facilitats siguin completament ajustats a les seves necessitats.<\/p>\n<p>Marcel Mir i Teijeiro est\u00e0 complint amb totes les disposicions de les normatives per al tractament de les dades personals de la seva responsabilitat, i amb els principis descrits en l\u2019article 5 del GDPR, pels quals s\u00f3n tractats de manera l\u00edcita, lleial i transparent en relaci\u00f3 amb l\u2019interessat i adequats, pertinents i limitats al necessari en relaci\u00f3 amb les finalitats per als quals s\u00f3n tractats.<\/p>\n<p>Marcel Mir i Teijeiro garanteix que ha implementat pol\u00edtiques t\u00e8cniques i organitzatives apropiades per a aplicar les mesures de seguretat que estableixen el GDPR amb la finalitat de protegir els drets i llibertats dels Usuaris i els ha comunicat la informaci\u00f3 adequada perqu\u00e8 puguin exercir-los.<\/p>\n<p>E-mail: <a class=\"flex\" href=\"mailto:hello@lex4ai.com\">hello@lex4ai.com<\/a><\/p>\n","protected":false},"excerpt":{"rendered":"<p>Les dades personals recollides o generades quan es comuniqui amb Marcel Mir i Teijeiro incl\u00f2s els correus electr\u00f2nics, seran tractats per Marcel Mir i Teijeiro amb base en la relaci\u00f3 professional existent, i per tal de gestionar aquesta relaci\u00f3 professional, complir amb les obligacions legals corresponents i, si escau, informar-lo de l\u2019actualitat jur\u00eddica si obtenim [&hellip;]<\/p>\n","protected":false},"author":1,"featured_media":0,"parent":0,"menu_order":0,"comment_status":"closed","ping_status":"closed","template":"","meta":{"_acf_changed":false,"footnotes":""},"class_list":["post-103","page","type-page","status-publish","hentry"],"acf":[],"yoast_head":"<!-- This site is optimized with the Yoast SEO plugin v27.0 - https:\/\/yoast.com\/product\/yoast-seo-wordpress\/ -->\n<title>Pol\u00edtica de privacitat | Lex4AI<\/title>\n<meta name=\"robots\" content=\"noindex, nofollow\" \/>\n<meta property=\"og:locale\" content=\"ca_ES\" \/>\n<meta property=\"og:type\" content=\"article\" \/>\n<meta property=\"og:title\" content=\"Pol\u00edtica de privacitat | Lex4AI\" \/>\n<meta property=\"og:description\" content=\"Les dades personals recollides o generades quan es comuniqui amb Marcel Mir i Teijeiro incl\u00f2s els correus electr\u00f2nics, seran tractats per Marcel Mir i Teijeiro amb base en la relaci\u00f3 professional existent, i per tal de gestionar aquesta relaci\u00f3 professional, complir amb les obligacions legals corresponents i, si escau, informar-lo de l\u2019actualitat jur\u00eddica si obtenim [&hellip;]\" \/>\n<meta property=\"og:url\" content=\"https:\/\/www.lex4ai.com\/ca\/politica-de-privacitat\/\" \/>\n<meta property=\"og:site_name\" content=\"Lex4AI\" \/>\n<meta property=\"article:modified_time\" content=\"2026-02-25T09:43:40+00:00\" \/>\n<meta property=\"og:image\" content=\"https:\/\/hundreds-wordpress-uploads.s3.amazonaws.com\/lex4ai\/uploads\/2026\/02\/Lex4AI_AI_Act_Compliance-1.jpg\" \/>\n\t<meta property=\"og:image:width\" content=\"2160\" \/>\n\t<meta property=\"og:image:height\" content=\"1350\" \/>\n\t<meta property=\"og:image:type\" content=\"image\/jpeg\" \/>\n<meta name=\"twitter:card\" content=\"summary_large_image\" \/>\n<meta name=\"twitter:label1\" content=\"Temps estimat de lectura\" \/>\n\t<meta name=\"twitter:data1\" content=\"4 minuts\" \/>\n<script type=\"application\/ld+json\" class=\"yoast-schema-graph\">{\"@context\":\"https:\/\/schema.org\",\"@graph\":[{\"@type\":\"WebPage\",\"@id\":\"https:\/\/www.lex4ai.com\/ca\/politica-de-privacitat\/\",\"url\":\"https:\/\/www.lex4ai.com\/ca\/politica-de-privacitat\/\",\"name\":\"Pol\u00edtica de privacitat | Lex4AI\",\"isPartOf\":{\"@id\":\"https:\/\/www.lex4ai.com\/ca\/#website\"},\"datePublished\":\"2026-01-14T15:05:49+00:00\",\"dateModified\":\"2026-02-25T09:43:40+00:00\",\"breadcrumb\":{\"@id\":\"https:\/\/www.lex4ai.com\/ca\/politica-de-privacitat\/#breadcrumb\"},\"inLanguage\":\"ca\",\"potentialAction\":[{\"@type\":\"ReadAction\",\"target\":[\"https:\/\/www.lex4ai.com\/ca\/politica-de-privacitat\/\"]}]},{\"@type\":\"BreadcrumbList\",\"@id\":\"https:\/\/www.lex4ai.com\/ca\/politica-de-privacitat\/#breadcrumb\",\"itemListElement\":[{\"@type\":\"ListItem\",\"position\":1,\"name\":\"Portada\",\"item\":\"https:\/\/lex4ai.com\/ca\/\"},{\"@type\":\"ListItem\",\"position\":2,\"name\":\"Pol\u00edtica de privacitat\"}]},{\"@type\":\"WebSite\",\"@id\":\"https:\/\/www.lex4ai.com\/ca\/#website\",\"url\":\"https:\/\/www.lex4ai.com\/ca\/\",\"name\":\"Lex4AI\",\"description\":\"Expertos en cumplimiento del Reglamento de IA e ISO 42001. Consultor\u00eda t\u00e9cnica liderada por miembros de comit\u00e9s de estandarizaci\u00f3n\",\"publisher\":{\"@id\":\"https:\/\/www.lex4ai.com\/ca\/#organization\"},\"potentialAction\":[{\"@type\":\"SearchAction\",\"target\":{\"@type\":\"EntryPoint\",\"urlTemplate\":\"https:\/\/www.lex4ai.com\/ca\/?s={search_term_string}\"},\"query-input\":{\"@type\":\"PropertyValueSpecification\",\"valueRequired\":true,\"valueName\":\"search_term_string\"}}],\"inLanguage\":\"ca\"},{\"@type\":\"Organization\",\"@id\":\"https:\/\/www.lex4ai.com\/ca\/#organization\",\"name\":\"Lex4AI\",\"url\":\"https:\/\/www.lex4ai.com\/ca\/\",\"logo\":{\"@type\":\"ImageObject\",\"inLanguage\":\"ca\",\"@id\":\"https:\/\/www.lex4ai.com\/ca\/#\/schema\/logo\/image\/\",\"url\":\"https:\/\/hundreds-wordpress-uploads.s3.amazonaws.com\/lex4ai\/uploads\/2026\/02\/logo-Lex4AI.jpg\",\"contentUrl\":\"https:\/\/hundreds-wordpress-uploads.s3.amazonaws.com\/lex4ai\/uploads\/2026\/02\/logo-Lex4AI.jpg\",\"width\":1280,\"height\":269,\"caption\":\"Lex4AI\"},\"image\":{\"@id\":\"https:\/\/www.lex4ai.com\/ca\/#\/schema\/logo\/image\/\"}}]}<\/script>\n<!-- \/ Yoast SEO plugin. -->","yoast_head_json":{"title":"Pol\u00edtica de privacitat | Lex4AI","robots":{"index":"noindex","follow":"nofollow"},"og_locale":"ca_ES","og_type":"article","og_title":"Pol\u00edtica de privacitat | Lex4AI","og_description":"Les dades personals recollides o generades quan es comuniqui amb Marcel Mir i Teijeiro incl\u00f2s els correus electr\u00f2nics, seran tractats per Marcel Mir i Teijeiro amb base en la relaci\u00f3 professional existent, i per tal de gestionar aquesta relaci\u00f3 professional, complir amb les obligacions legals corresponents i, si escau, informar-lo de l\u2019actualitat jur\u00eddica si obtenim [&hellip;]","og_url":"https:\/\/www.lex4ai.com\/ca\/politica-de-privacitat\/","og_site_name":"Lex4AI","article_modified_time":"2026-02-25T09:43:40+00:00","og_image":[{"width":2160,"height":1350,"url":"https:\/\/hundreds-wordpress-uploads.s3.amazonaws.com\/lex4ai\/uploads\/2026\/02\/Lex4AI_AI_Act_Compliance-1.jpg","type":"image\/jpeg"}],"twitter_card":"summary_large_image","twitter_misc":{"Temps estimat de lectura":"4 minuts"},"schema":{"@context":"https:\/\/schema.org","@graph":[{"@type":"WebPage","@id":"https:\/\/www.lex4ai.com\/ca\/politica-de-privacitat\/","url":"https:\/\/www.lex4ai.com\/ca\/politica-de-privacitat\/","name":"Pol\u00edtica de privacitat | Lex4AI","isPartOf":{"@id":"https:\/\/www.lex4ai.com\/ca\/#website"},"datePublished":"2026-01-14T15:05:49+00:00","dateModified":"2026-02-25T09:43:40+00:00","breadcrumb":{"@id":"https:\/\/www.lex4ai.com\/ca\/politica-de-privacitat\/#breadcrumb"},"inLanguage":"ca","potentialAction":[{"@type":"ReadAction","target":["https:\/\/www.lex4ai.com\/ca\/politica-de-privacitat\/"]}]},{"@type":"BreadcrumbList","@id":"https:\/\/www.lex4ai.com\/ca\/politica-de-privacitat\/#breadcrumb","itemListElement":[{"@type":"ListItem","position":1,"name":"Portada","item":"https:\/\/lex4ai.com\/ca\/"},{"@type":"ListItem","position":2,"name":"Pol\u00edtica de privacitat"}]},{"@type":"WebSite","@id":"https:\/\/www.lex4ai.com\/ca\/#website","url":"https:\/\/www.lex4ai.com\/ca\/","name":"Lex4AI","description":"Expertos en cumplimiento del Reglamento de IA e ISO 42001. Consultor\u00eda t\u00e9cnica liderada por miembros de comit\u00e9s de estandarizaci\u00f3n","publisher":{"@id":"https:\/\/www.lex4ai.com\/ca\/#organization"},"potentialAction":[{"@type":"SearchAction","target":{"@type":"EntryPoint","urlTemplate":"https:\/\/www.lex4ai.com\/ca\/?s={search_term_string}"},"query-input":{"@type":"PropertyValueSpecification","valueRequired":true,"valueName":"search_term_string"}}],"inLanguage":"ca"},{"@type":"Organization","@id":"https:\/\/www.lex4ai.com\/ca\/#organization","name":"Lex4AI","url":"https:\/\/www.lex4ai.com\/ca\/","logo":{"@type":"ImageObject","inLanguage":"ca","@id":"https:\/\/www.lex4ai.com\/ca\/#\/schema\/logo\/image\/","url":"https:\/\/hundreds-wordpress-uploads.s3.amazonaws.com\/lex4ai\/uploads\/2026\/02\/logo-Lex4AI.jpg","contentUrl":"https:\/\/hundreds-wordpress-uploads.s3.amazonaws.com\/lex4ai\/uploads\/2026\/02\/logo-Lex4AI.jpg","width":1280,"height":269,"caption":"Lex4AI"},"image":{"@id":"https:\/\/www.lex4ai.com\/ca\/#\/schema\/logo\/image\/"}}]}},"_links":{"self":[{"href":"https:\/\/www.lex4ai.com\/ca\/wp-json\/wp\/v2\/pages\/103","targetHints":{"allow":["GET"]}}],"collection":[{"href":"https:\/\/www.lex4ai.com\/ca\/wp-json\/wp\/v2\/pages"}],"about":[{"href":"https:\/\/www.lex4ai.com\/ca\/wp-json\/wp\/v2\/types\/page"}],"author":[{"embeddable":true,"href":"https:\/\/www.lex4ai.com\/ca\/wp-json\/wp\/v2\/users\/1"}],"replies":[{"embeddable":true,"href":"https:\/\/www.lex4ai.com\/ca\/wp-json\/wp\/v2\/comments?post=103"}],"version-history":[{"count":7,"href":"https:\/\/www.lex4ai.com\/ca\/wp-json\/wp\/v2\/pages\/103\/revisions"}],"predecessor-version":[{"id":279,"href":"https:\/\/www.lex4ai.com\/ca\/wp-json\/wp\/v2\/pages\/103\/revisions\/279"}],"wp:attachment":[{"href":"https:\/\/www.lex4ai.com\/ca\/wp-json\/wp\/v2\/media?parent=103"}],"curies":[{"name":"wp","href":"https:\/\/api.w.org\/{rel}","templated":true}]}}